{"id":263,"date":"2022-05-20T11:49:20","date_gmt":"2022-05-20T14:49:20","guid":{"rendered":"http:\/\/rcpcommunity.com.ar\/wp\/?page_id=263"},"modified":"2022-07-01T12:08:50","modified_gmt":"2022-07-01T15:08:50","slug":"alcances","status":"publish","type":"page","link":"https:\/\/rcpcommunity.com.ar\/wp\/alcances\/","title":{"rendered":"Alcances"},"content":{"rendered":"<div class=\"row\"  id=\"row-396835811\">\n\n\t<div id=\"col-1812439283\" class=\"col small-12 large-12\"  >\n\t\t\t\t<div class=\"col-inner\"  >\n\t\t\t\n\t\t\t\n\t\t<\/div>\n\t\t\t\t\t<\/div>\n\n\t\n<\/div>\n<div class=\"container section-title-container\" ><h2 class=\"section-title section-title-bold-center\"><b><\/b><span class=\"section-title-main\" style=\"color:rgb(17, 57, 106);\">Alcances del Proyecto<\/span><b><\/b><\/h2><\/div>\n<div class=\"row\"  id=\"row-1047186870\">\n\n\t<div id=\"col-1490055360\" class=\"col small-12 large-12\"  >\n\t\t\t\t<div class=\"col-inner\" style=\"background-color:rgba(68, 96, 132, 0.279);\" >\n\t\t\t\n\t\t\t\n\t<div id=\"text-1760457038\" class=\"text\">\n\t\t\n<p><img loading=\"lazy\" decoding=\"async\" class=\"alignnone size-medium wp-image-555 aligncenter\" src=\"https:\/\/rcpcommunity.com.ar\/wp\/wp-content\/uploads\/2022\/05\/grupo-800x284.jpg\" alt=\"\" width=\"800\" height=\"284\" srcset=\"https:\/\/rcpcommunity.com.ar\/wp\/wp-content\/uploads\/2022\/05\/grupo-800x284.jpg 800w, https:\/\/rcpcommunity.com.ar\/wp\/wp-content\/uploads\/2022\/05\/grupo-768x273.jpg 768w, https:\/\/rcpcommunity.com.ar\/wp\/wp-content\/uploads\/2022\/05\/grupo.jpg 1000w\" sizes=\"auto, (max-width: 800px) 100vw, 800px\" \/><\/p>\n<ul>\n<li>\n<p><strong>Escuelas de Nivel Primario, Secundario y Terciario.<\/strong><\/p>\n<\/li>\n<li>\n<p><strong>Docentes, Instructores, Referentes, Supervisores, Superiores.<\/strong><\/p>\n<\/li>\n<li>\n<p><strong>Gimnasios, Piletas, Polideportivos, Clubes Deportivos, Guardavidas, Etc.<\/strong><\/p>\n<\/li>\n<li>\n<p><strong>Hospitales, Sanatorios, Cl\u00ednicas.<\/strong><\/p>\n<\/li>\n<li>\n<p><strong>Iglesias, Rotary, Pe\u00f1as, Colonias, Sociedades de Fomento, Country, Bancos.<\/strong><\/p>\n<\/li>\n<li>\n<p><strong>Gremios, Sindicatos y Municipales.<\/strong><\/p>\n<\/li>\n<li>\n<p><strong>Polic\u00eda, Bomberos, Prefectura, Gendarmer\u00eda, Personal de Seguridad.<\/strong><\/p>\n<\/li>\n<li>\n<p><strong>Empresas Generales, Trenes, Subte,Colectivos, Aerol\u00edneas y Otras.<\/strong><\/p>\n<\/li>\n<li>\n<p><strong>Cursos RCP Reci\u00e9n Nacido y Ni\u00f1o (para padres).<\/strong><\/p>\n<\/li>\n<li>\n<p><strong>Cursos de RCP para el Personal de Salud, Camilleros, Laboratorio, Quir\u00f3fano, Mucamas, Administrativas, Im\u00e1genes, Seguridad, Operarios, Mantenimiento, Esterilizaci\u00f3n, Etc.<\/strong><\/p>\n<\/li>\n<li><strong>Cursos Personalizados, Grupales, Familiares. <\/strong><\/li>\n<li><strong>Vamos a todos los municipios y provincias, etc.<\/strong><\/li>\n<\/ul>\n\t\t\n<style>\n#text-1760457038 {\n  color: rgb(0,0,0);\n}\n#text-1760457038 > * {\n  color: rgb(0,0,0);\n}\n<\/style>\n\t<\/div>\n\t\n\t\t<\/div>\n\t\t\t\t\n<style>\n#col-1490055360 > .col-inner {\n  padding: 20px 21px 19px 22px;\n  border-radius: 27px;\n}\n<\/style>\n\t<\/div>\n\n\t\n<\/div>\n<div class=\"row\"  id=\"row-32110902\">\n\n\t<div id=\"col-824233650\" class=\"col small-12 large-12\"  >\n\t\t\t\t<div class=\"col-inner\"  >\n\t\t\t\n\t\t\t\n\t\t<\/div>\n\t\t\t\t\t<\/div>\n\n\t\n<\/div>\n","protected":false},"excerpt":{"rendered":"","protected":false},"author":1,"featured_media":0,"parent":0,"menu_order":0,"comment_status":"closed","ping_status":"closed","template":"page-right-sidebar.php","meta":{"_monsterinsights_skip_tracking":false,"_monsterinsights_sitenote_active":false,"_monsterinsights_sitenote_note":"","_monsterinsights_sitenote_category":0,"footnotes":""},"class_list":["post-263","page","type-page","status-publish","hentry"],"aioseo_notices":[],"_links":{"self":[{"href":"https:\/\/rcpcommunity.com.ar\/wp\/wp-json\/wp\/v2\/pages\/263","targetHints":{"allow":["GET"]}}],"collection":[{"href":"https:\/\/rcpcommunity.com.ar\/wp\/wp-json\/wp\/v2\/pages"}],"about":[{"href":"https:\/\/rcpcommunity.com.ar\/wp\/wp-json\/wp\/v2\/types\/page"}],"author":[{"embeddable":true,"href":"https:\/\/rcpcommunity.com.ar\/wp\/wp-json\/wp\/v2\/users\/1"}],"replies":[{"embeddable":true,"href":"https:\/\/rcpcommunity.com.ar\/wp\/wp-json\/wp\/v2\/comments?post=263"}],"version-history":[{"count":9,"href":"https:\/\/rcpcommunity.com.ar\/wp\/wp-json\/wp\/v2\/pages\/263\/revisions"}],"predecessor-version":[{"id":679,"href":"https:\/\/rcpcommunity.com.ar\/wp\/wp-json\/wp\/v2\/pages\/263\/revisions\/679"}],"wp:attachment":[{"href":"https:\/\/rcpcommunity.com.ar\/wp\/wp-json\/wp\/v2\/media?parent=263"}],"curies":[{"name":"wp","href":"https:\/\/api.w.org\/{rel}","templated":true}]}}